{"id":327,"date":"2021-01-12T11:30:56","date_gmt":"2021-01-12T11:30:56","guid":{"rendered":"https:\/\/multiwoo.com\/?page_id=327"},"modified":"2025-01-09T18:44:28","modified_gmt":"2025-01-09T18:44:28","slug":"kontakt","status":"publish","type":"page","link":"https:\/\/multiwoo.com\/pl\/kontakt\/","title":{"rendered":"Kontakt"},"content":{"rendered":"<div class=\"mb-columns mb-columns-1  \">\n<div class=\"mb-col mb-col2 mb-col-1  bg-repeat\">\n\n<h2 class=\"wp-block-heading\">Pomoc techniczna i dzia\u0142 sprzeda\u017cy<\/h2>\n\n\n\n<p>Porozmawiajmy jak najlepiej za\u0142o\u017cy\u0107, prowadzi\u0107 i reklamowa\u0107 Tw\u00f3j sklep internetowy \u2013 zadzwo\u0144 lub wype\u0142nij formularz!<\/p>\n\n\n\n<p>Jeste\u015bmy dost\u0119pni od poniedzia\u0142ku do pi\u0105tku w godzinach od <strong>8:00<\/strong> do <strong>16:00<\/strong>.<\/p>\n\n\n<a href=\"tel:+48799499005\" class=\"mb-button btn-1 flat x-large  trackable ani-bg grow-c-circle\" onClick=\"Poka\u017c numer telefonu\" data-placeholder=\"+48 799 xxx xxx\" data-original-text=\"+48 799 499 005\" data-hint=\"Poka\u017c numer telefonu\" data-tracking-class=\"\"><span class=\"mb-button-text\">+48 799 499 005<\/span><\/a>\n\n\n<h2 class=\"wp-block-heading\">Masz pytanie? Ch\u0119tnie na nie odpowiemy w 24h<\/h2>\n\n\n<div class=\"mb-cf7-styler mb-cf7-styler-1\">\n<div class=\"wpcf7 no-js\" id=\"wpcf7-f330-o1\" lang=\"en-US\" dir=\"ltr\" data-wpcf7-id=\"330\">\n<div class=\"screen-reader-response\"><p role=\"status\" aria-live=\"polite\" aria-atomic=\"true\"><\/p> <ul><\/ul><\/div>\n<form action=\"\/pl\/wp-json\/wp\/v2\/pages\/327#wpcf7-f330-o1\" method=\"post\" class=\"wpcf7-form init\" aria-label=\"Contact form\" novalidate=\"novalidate\" data-status=\"init\">\n<fieldset class=\"hidden-fields-container\"><input type=\"hidden\" name=\"_wpcf7\" value=\"330\" \/><input type=\"hidden\" name=\"_wpcf7_version\" value=\"6.1.5\" \/><input type=\"hidden\" name=\"_wpcf7_locale\" value=\"en_US\" \/><input type=\"hidden\" name=\"_wpcf7_unit_tag\" value=\"wpcf7-f330-o1\" \/><input type=\"hidden\" name=\"_wpcf7_container_post\" value=\"0\" \/><input type=\"hidden\" name=\"_wpcf7_posted_data_hash\" value=\"\" \/>\n<\/fieldset>\n<p><label> Twoje imi\u0119 <span class=\"required-field\">*<\/span>\n<input size=\"40\" maxlength=\"400\" class=\"wpcf7-form-control wpcf7-text wpcf7-validates-as-required\" aria-required=\"true\" aria-invalid=\"false\" value=\"\" type=\"text\" name=\"your-name\" \/> <\/label>\n<\/p>\n<p><label> Tw\u00f3j e-mail <span class=\"required-field\">*<\/span>\n<input size=\"40\" maxlength=\"400\" class=\"wpcf7-form-control wpcf7-email wpcf7-validates-as-required wpcf7-text wpcf7-validates-as-email\" aria-required=\"true\" aria-invalid=\"false\" value=\"\" type=\"email\" name=\"your-email\" \/> <\/label>\n<\/p>\n<p><label> Wiadomo\u015b\u0107 <span class=\"required-field\">*<\/span>\n<textarea cols=\"40\" rows=\"10\" maxlength=\"2000\" class=\"wpcf7-form-control wpcf7-textarea wpcf7-validates-as-required\" aria-required=\"true\" aria-invalid=\"false\" name=\"your-message\"><\/textarea> <\/label>\n<\/p>\n<p><label>\n<span class=\"wpcf7-form-control wpcf7-checkbox wpcf7-validates-as-required\"><span class=\"wpcf7-list-item first last\"><label><input type=\"checkbox\" name=\"checkbox-780[]\" value=\"(obowi\u0105zkowe) Wyra\u017cam zgod\u0119 na przetwarzanie powy\u017cszych danych osobowych przez MultiWoo w celu odpowiedzi na zapytanie lub realizacj\u0119 oferty, akceptuj\u0119 polityk\u0119 prywatno\u015bci.\" \/><span class=\"wpcf7-list-item-label\">(obowi\u0105zkowe) Wyra\u017cam zgod\u0119 na przetwarzanie powy\u017cszych danych osobowych przez MultiWoo w celu odpowiedzi na zapytanie lub realizacj\u0119 oferty, akceptuj\u0119 polityk\u0119 prywatno\u015bci.<\/span><\/label><\/span><\/span>\n<\/label>\n<\/p>\n<p><span class=\"required-field\">*<\/span> &#8211; pole wymagane\n<\/p>\n<p><input class=\"wpcf7-form-control wpcf7-submit has-spinner\" type=\"submit\" value=\"Wy\u015blij zapytanie\" \/>\n<\/p><div class=\"wpcf7-response-output\" aria-hidden=\"true\"><\/div>\n\n<\/form>\n<\/div>\n<\/div>\n<\/div>\n\n<div class=\"mb-col mb-col2 mb-col-2  bg-repeat\">\n\n<h2 class=\"wp-block-heading\">Finanse i p\u0142atno\u015bci<\/h2>\n\n\n\n<p>Firma Paddle.Com Market Limited jest resellerem MultiWoo i prowadzi proces przetwarzania zam\u00f3wienia oraz obs\u0142uguje r\u00f3wnie\u017c zapytania i zwroty zwi\u0105zane z zam\u00f3wieniem.<\/p>\n\n\n<figure class=\"mb-img mb-img-1   no-fancy-border no-link\"><div class=\"image-frame\"><span><img loading=\"lazy\" decoding=\"async\" src=\"https:\/\/multiwoo.com\/wp-content\/uploads\/image.png\" alt=\"\" width=\"320\" height=\"84\" \/><\/span><\/div><\/figure>\n<\/div>\n<\/div>","protected":false},"excerpt":{"rendered":"","protected":false},"author":1,"featured_media":0,"parent":0,"menu_order":0,"comment_status":"closed","ping_status":"closed","template":"","meta":{"diagnoseo_meta_keyword":"","diagnoseo_meta_additional_keywords":"","diagnoseo_meta_language":"","diagnoseo_meta_title":"","diagnoseo_meta_description":"","diagnoseo_check_result":"","diagnoseo_og_image":"","inline_featured_image":false,"footnotes":""},"class_list":["post-327","page","type-page","status-publish","hentry"],"_links":{"self":[{"href":"https:\/\/multiwoo.com\/pl\/wp-json\/wp\/v2\/pages\/327","targetHints":{"allow":["GET"]}}],"collection":[{"href":"https:\/\/multiwoo.com\/pl\/wp-json\/wp\/v2\/pages"}],"about":[{"href":"https:\/\/multiwoo.com\/pl\/wp-json\/wp\/v2\/types\/page"}],"author":[{"embeddable":true,"href":"https:\/\/multiwoo.com\/pl\/wp-json\/wp\/v2\/users\/1"}],"replies":[{"embeddable":true,"href":"https:\/\/multiwoo.com\/pl\/wp-json\/wp\/v2\/comments?post=327"}],"version-history":[{"count":3,"href":"https:\/\/multiwoo.com\/pl\/wp-json\/wp\/v2\/pages\/327\/revisions"}],"predecessor-version":[{"id":1018,"href":"https:\/\/multiwoo.com\/pl\/wp-json\/wp\/v2\/pages\/327\/revisions\/1018"}],"wp:attachment":[{"href":"https:\/\/multiwoo.com\/pl\/wp-json\/wp\/v2\/media?parent=327"}],"curies":[{"name":"wp","href":"https:\/\/api.w.org\/{rel}","templated":true}]}}