{"id":659,"date":"2021-03-25T23:52:36","date_gmt":"2021-03-25T23:52:36","guid":{"rendered":"https:\/\/multiwoo.com\/?page_id=659"},"modified":"2021-04-08T09:06:33","modified_gmt":"2021-04-08T09:06:33","slug":"dziekujemy","status":"publish","type":"page","link":"https:\/\/multiwoo.com\/pl\/dziekujemy\/","title":{"rendered":"Dzi\u0119kujemy za z\u0142o\u017cenie zam\u00f3wienia!"},"content":{"rendered":"\n<p>Dzi\u0119kujemy za skorzystanie z oferty i z\u0142o\u017cenie zam\u00f3wienia. Na Tw\u00f3j adres e-mail zosta\u0142y wys\u0142ane dalsze instrukcje.<\/p>\n\n\n\n<p>W razie pyta\u0144 w ka\u017cdej chwili mo\u017cesz <a href=\"mailto:info@multiwoo.com\">skontaktowa\u0107 si\u0119 z naszym supportem<\/a>.<\/p>\n","protected":false},"excerpt":{"rendered":"<p>Dzi\u0119kujemy za skorzystanie z oferty i z\u0142o\u017cenie zam\u00f3wienia. Na Tw\u00f3j adres e-mail zosta\u0142y wys\u0142ane dalsze instrukcje. W razie pyta\u0144 w ka\u017cdej chwili mo\u017cesz skontaktowa\u0107 si\u0119 z naszym supportem.<\/p>\n","protected":false},"author":1,"featured_media":0,"parent":0,"menu_order":0,"comment_status":"closed","ping_status":"closed","template":"","meta":{"diagnoseo_meta_keyword":"","diagnoseo_meta_additional_keywords":"","diagnoseo_meta_language":"","diagnoseo_meta_title":"","diagnoseo_meta_description":"","diagnoseo_check_result":"","diagnoseo_og_image":"","inline_featured_image":false,"footnotes":""},"class_list":["post-659","page","type-page","status-publish","hentry"],"_links":{"self":[{"href":"https:\/\/multiwoo.com\/pl\/wp-json\/wp\/v2\/pages\/659","targetHints":{"allow":["GET"]}}],"collection":[{"href":"https:\/\/multiwoo.com\/pl\/wp-json\/wp\/v2\/pages"}],"about":[{"href":"https:\/\/multiwoo.com\/pl\/wp-json\/wp\/v2\/types\/page"}],"author":[{"embeddable":true,"href":"https:\/\/multiwoo.com\/pl\/wp-json\/wp\/v2\/users\/1"}],"replies":[{"embeddable":true,"href":"https:\/\/multiwoo.com\/pl\/wp-json\/wp\/v2\/comments?post=659"}],"version-history":[{"count":2,"href":"https:\/\/multiwoo.com\/pl\/wp-json\/wp\/v2\/pages\/659\/revisions"}],"predecessor-version":[{"id":664,"href":"https:\/\/multiwoo.com\/pl\/wp-json\/wp\/v2\/pages\/659\/revisions\/664"}],"wp:attachment":[{"href":"https:\/\/multiwoo.com\/pl\/wp-json\/wp\/v2\/media?parent=659"}],"curies":[{"name":"wp","href":"https:\/\/api.w.org\/{rel}","templated":true}]}}